{"id":1421,"date":"2025-01-09T11:55:23","date_gmt":"2025-01-09T11:55:23","guid":{"rendered":"https:\/\/excpyme.org.ar\/wp\/?page_id=1421"},"modified":"2025-01-22T13:01:53","modified_gmt":"2025-01-22T13:01:53","slug":"junta-2023","status":"publish","type":"page","link":"https:\/\/excpyme.org.ar\/wp\/junta-2023\/","title":{"rendered":"Junta evaluadora"},"content":{"rendered":"\t\t<div data-elementor-type=\"wp-page\" data-elementor-id=\"1421\" class=\"elementor elementor-1421\" data-elementor-post-type=\"page\">\n\t\t\t\t\t\t<section class=\"elementor-section elementor-top-section elementor-element elementor-element-d58ea62 elementor-section-boxed elementor-section-height-default elementor-section-height-default\" data-id=\"d58ea62\" data-element_type=\"section\" data-e-type=\"section\">\n\t\t\t\t\t\t<div class=\"elementor-container elementor-column-gap-default\">\n\t\t\t\t\t<div class=\"elementor-column elementor-col-50 elementor-top-column elementor-element elementor-element-978314f\" data-id=\"978314f\" data-element_type=\"column\" data-e-type=\"column\">\n\t\t\t<div class=\"elementor-widget-wrap elementor-element-populated\">\n\t\t\t\t\t\t<div class=\"elementor-element elementor-element-fe4411c elementor-widget elementor-widget-heading\" data-id=\"fe4411c\" data-element_type=\"widget\" data-e-type=\"widget\" data-widget_type=\"heading.default\">\n\t\t\t\t<div class=\"elementor-widget-container\">\n\t\t\t\t\t<h1 class=\"elementor-heading-title elementor-size-default\">Junta evaluadora<\/h1>\t\t\t\t<\/div>\n\t\t\t\t<\/div>\n\t\t\t\t<div class=\"elementor-element elementor-element-acddea2 elementor-widget elementor-widget-text-editor\" data-id=\"acddea2\" data-element_type=\"widget\" data-e-type=\"widget\" data-widget_type=\"text-editor.default\">\n\t\t\t\t<div class=\"elementor-widget-container\">\n\t\t\t\t\t\t\t\t\t<p>La ley 24.127 establece en su art. 13 que el concurso por el Premio Nacional a la Calidad ser\u00e1 llevado adelante por una Junta de evaluadores, la cual opera con \u201ctotal autonom\u00eda t\u00e9cnica\u201d respecto a la Fundaci\u00f3n. Asimismo, determina que la misma tiene dos niveles: uno de evaluaci\u00f3n y otro de juzgamiento.<\/p><p>La composici\u00f3n del cuerpo se mantiene bajo estricto secreto durante la vigencia del concurso.<\/p><p>Para garantizar la transparencia y \u00e9tica durante el concurso, la composici\u00f3n del cuerpo evaluador se mantiene confidencial hasta la finalizaci\u00f3n del mismo.<\/p><p>A continuaci\u00f3n se detalla la composici\u00f3n del cuerpo para la edici\u00f3n 2024:<\/p>\t\t\t\t\t\t\t\t<\/div>\n\t\t\t\t<\/div>\n\t\t\t\t\t<\/div>\n\t\t<\/div>\n\t\t\t\t<div class=\"elementor-column elementor-col-50 elementor-top-column elementor-element elementor-element-794c29e\" data-id=\"794c29e\" data-element_type=\"column\" data-e-type=\"column\">\n\t\t\t<div class=\"elementor-widget-wrap elementor-element-populated\">\n\t\t\t\t\t\t<div class=\"elementor-element elementor-element-5d68bc3 elementor-widget elementor-widget-image\" data-id=\"5d68bc3\" data-element_type=\"widget\" data-e-type=\"widget\" data-widget_type=\"image.default\">\n\t\t\t\t<div class=\"elementor-widget-container\">\n\t\t\t\t\t\t\t\t\t\t\t\t\t\t\t<img fetchpriority=\"high\" decoding=\"async\" width=\"355\" height=\"273\" src=\"https:\/\/excpyme.org.ar\/wp\/wp-content\/uploads\/2025\/01\/imagen_side_bar_03.jpg\" class=\"attachment-large size-large wp-image-1428\" alt=\"\" srcset=\"https:\/\/excpyme.org.ar\/wp\/wp-content\/uploads\/2025\/01\/imagen_side_bar_03.jpg 355w, https:\/\/excpyme.org.ar\/wp\/wp-content\/uploads\/2025\/01\/imagen_side_bar_03-300x231.jpg 300w\" sizes=\"(max-width: 355px) 100vw, 355px\" \/>\t\t\t\t\t\t\t\t\t\t\t\t\t\t\t<\/div>\n\t\t\t\t<\/div>\n\t\t\t\t\t<\/div>\n\t\t<\/div>\n\t\t\t\t\t<\/div>\n\t\t<\/section>\n\t\t\t\t<section class=\"elementor-section elementor-top-section elementor-element elementor-element-4289a2a elementor-section-boxed elementor-section-height-default elementor-section-height-default\" data-id=\"4289a2a\" data-element_type=\"section\" data-e-type=\"section\" data-settings=\"{&quot;background_background&quot;:&quot;classic&quot;}\">\n\t\t\t\t\t\t<div class=\"elementor-container elementor-column-gap-default\">\n\t\t\t\t\t<div class=\"elementor-column elementor-col-50 elementor-top-column elementor-element elementor-element-b10cbf9\" data-id=\"b10cbf9\" data-element_type=\"column\" data-e-type=\"column\">\n\t\t\t<div class=\"elementor-widget-wrap elementor-element-populated\">\n\t\t\t\t\t\t<div class=\"elementor-element elementor-element-291533d elementor-widget elementor-widget-heading\" data-id=\"291533d\" data-element_type=\"widget\" data-e-type=\"widget\" data-widget_type=\"heading.default\">\n\t\t\t\t<div class=\"elementor-widget-container\">\n\t\t\t\t\t<h2 class=\"elementor-heading-title elementor-size-default\">Examinadores<\/h2>\t\t\t\t<\/div>\n\t\t\t\t<\/div>\n\t\t\t\t<div class=\"elementor-element elementor-element-e479d2f elementor-widget elementor-widget-text-editor\" data-id=\"e479d2f\" data-element_type=\"widget\" data-e-type=\"widget\" data-widget_type=\"text-editor.default\">\n\t\t\t\t<div class=\"elementor-widget-container\">\n\t\t\t\t\t\t\t\t\t<p>Agra, Jos\u00e9 Mar\u00eda<br \/>Alcorta, Natalia Irene<br \/>Bagnasco, Oscar Eduardo<br \/>C\u00e1sares, Mar\u00eda Mercedes<br \/>Cisneros, Mar\u00eda Eugenia<br \/>Cornejo, Mar\u00eda del Milagro<br \/>Costa, Luis Mar\u00eda<br \/>Diestre, Daniela<br \/>Dramis, Laura<br \/>H\u00fcnicken, Patricia<br \/>Leoni, Herv\u00e9<br \/>Olivero, Mariana<br \/>Pappano, Agostina<br \/>Pascale, Mariano Ismael<br \/>P\u00e9rez, Anal\u00eda Silvia<br \/>Salvetti, Claudio Luis<br \/>Toledo, Jorge<br \/>Wrobel, Gabriel Dar\u00edo<br \/>Zotta, Gast\u00f3n<\/p>\t\t\t\t\t\t\t\t<\/div>\n\t\t\t\t<\/div>\n\t\t\t\t\t<\/div>\n\t\t<\/div>\n\t\t\t\t<div class=\"elementor-column elementor-col-50 elementor-top-column elementor-element elementor-element-d76a39a\" data-id=\"d76a39a\" data-element_type=\"column\" data-e-type=\"column\">\n\t\t\t<div class=\"elementor-widget-wrap elementor-element-populated\">\n\t\t\t\t\t\t<div class=\"elementor-element elementor-element-a7dc059 elementor-widget elementor-widget-heading\" data-id=\"a7dc059\" data-element_type=\"widget\" data-e-type=\"widget\" data-widget_type=\"heading.default\">\n\t\t\t\t<div class=\"elementor-widget-container\">\n\t\t\t\t\t<h2 class=\"elementor-heading-title elementor-size-default\">Jueces<\/h2>\t\t\t\t<\/div>\n\t\t\t\t<\/div>\n\t\t\t\t<div class=\"elementor-element elementor-element-8e732df elementor-widget elementor-widget-text-editor\" data-id=\"8e732df\" data-element_type=\"widget\" data-e-type=\"widget\" data-widget_type=\"text-editor.default\">\n\t\t\t\t<div class=\"elementor-widget-container\">\n\t\t\t\t\t\t\t\t\t<p>Arheit \u2013 Zapp, Cristina<br \/>Cano, Daniel<br \/>Coccoz, Guillermo<br \/>Cordo, Romina<br \/>Hofman, Enrique<br \/>Rodr\u00edguez, Gustavo<br \/>Rodr\u00edguez, Ra\u00fal Angel<br \/>Strachan, Hugo<br \/>Siri, Diego<br \/>Yechua, Mart\u00edn<\/p>\t\t\t\t\t\t\t\t<\/div>\n\t\t\t\t<\/div>\n\t\t\t\t\t<\/div>\n\t\t<\/div>\n\t\t\t\t\t<\/div>\n\t\t<\/section>\n\t\t\t\t<section class=\"elementor-section elementor-top-section elementor-element elementor-element-3ba47cd elementor-section-boxed elementor-section-height-default elementor-section-height-default\" data-id=\"3ba47cd\" data-element_type=\"section\" data-e-type=\"section\" data-settings=\"{&quot;background_background&quot;:&quot;classic&quot;}\">\n\t\t\t\t\t\t<div class=\"elementor-container elementor-column-gap-default\">\n\t\t\t\t\t<div class=\"elementor-column elementor-col-50 elementor-top-column elementor-element elementor-element-1d6aef9\" data-id=\"1d6aef9\" data-element_type=\"column\" data-e-type=\"column\">\n\t\t\t<div class=\"elementor-widget-wrap elementor-element-populated\">\n\t\t\t\t\t\t<div class=\"elementor-element elementor-element-6a6214e elementor-widget elementor-widget-heading\" data-id=\"6a6214e\" data-element_type=\"widget\" data-e-type=\"widget\" data-widget_type=\"heading.default\">\n\t\t\t\t<div class=\"elementor-widget-container\">\n\t\t\t\t\t<h3 class=\"elementor-heading-title elementor-size-default\">Ser parte de EXCELENCIA<\/h3>\t\t\t\t<\/div>\n\t\t\t\t<\/div>\n\t\t\t\t<div class=\"elementor-element elementor-element-5a86f5a elementor-widget elementor-widget-text-editor\" data-id=\"5a86f5a\" data-element_type=\"widget\" data-e-type=\"widget\" data-widget_type=\"text-editor.default\">\n\t\t\t\t<div class=\"elementor-widget-container\">\n\t\t\t\t\t\t\t\t\t<p><strong>Es una apuesta a las pr\u00e1cticas innovadoras de gesti\u00f3n<\/strong>, al cambio y a la mejora continua. Pero al mismo tiempo es un compromiso con los valores de nuestras organizaciones y su gente. Un compromiso con una manera de hacer las cosas que nos define como protagonistas.<\/p>\t\t\t\t\t\t\t\t<\/div>\n\t\t\t\t<\/div>\n\t\t\t\t<div class=\"elementor-element elementor-element-7bf2068 elementor-mobile-align-justify elementor-widget elementor-widget-button\" data-id=\"7bf2068\" data-element_type=\"widget\" data-e-type=\"widget\" data-widget_type=\"button.default\">\n\t\t\t\t<div class=\"elementor-widget-container\">\n\t\t\t\t\t\t\t\t\t<div class=\"elementor-button-wrapper\">\n\t\t\t\t\t<a class=\"elementor-button elementor-button-link elementor-size-md\" href=\"mailto:info@exc.org.ar\">\n\t\t\t\t\t\t<span class=\"elementor-button-content-wrapper\">\n\t\t\t\t\t\t\t\t\t<span class=\"elementor-button-text\">Hablemos<\/span>\n\t\t\t\t\t<\/span>\n\t\t\t\t\t<\/a>\n\t\t\t\t<\/div>\n\t\t\t\t\t\t\t\t<\/div>\n\t\t\t\t<\/div>\n\t\t\t\t\t<\/div>\n\t\t<\/div>\n\t\t\t\t<div class=\"elementor-column elementor-col-50 elementor-top-column elementor-element elementor-element-0666b8c\" data-id=\"0666b8c\" data-element_type=\"column\" data-e-type=\"column\">\n\t\t\t<div class=\"elementor-widget-wrap elementor-element-populated\">\n\t\t\t\t\t\t<div class=\"elementor-element elementor-element-8c20997 elementor-widget elementor-widget-image\" data-id=\"8c20997\" data-element_type=\"widget\" data-e-type=\"widget\" data-widget_type=\"image.default\">\n\t\t\t\t<div class=\"elementor-widget-container\">\n\t\t\t\t\t\t\t\t\t\t\t\t\t\t\t<img decoding=\"async\" width=\"600\" height=\"600\" src=\"https:\/\/excpyme.org.ar\/wp\/wp-content\/uploads\/2020\/10\/nosotros_2-1.jpg\" class=\"attachment-large size-large wp-image-210\" alt=\"\" srcset=\"https:\/\/excpyme.org.ar\/wp\/wp-content\/uploads\/2020\/10\/nosotros_2-1.jpg 600w, https:\/\/excpyme.org.ar\/wp\/wp-content\/uploads\/2020\/10\/nosotros_2-1-300x300.jpg 300w, https:\/\/excpyme.org.ar\/wp\/wp-content\/uploads\/2020\/10\/nosotros_2-1-150x150.jpg 150w\" sizes=\"(max-width: 600px) 100vw, 600px\" \/>\t\t\t\t\t\t\t\t\t\t\t\t\t\t\t<\/div>\n\t\t\t\t<\/div>\n\t\t\t\t\t<\/div>\n\t\t<\/div>\n\t\t\t\t\t<\/div>\n\t\t<\/section>\n\t\t\t\t<\/div>\n\t\t","protected":false},"excerpt":{"rendered":"<p>Junta evaluadora La ley 24.127 establece en su art. 13 que el concurso por el Premio Nacional a la Calidad ser\u00e1 llevado adelante por una Junta de evaluadores, la cual opera con \u201ctotal autonom\u00eda t\u00e9cnica\u201d respecto a la Fundaci\u00f3n. Asimismo, determina que la misma tiene dos niveles: uno de evaluaci\u00f3n y otro de juzgamiento. La&hellip;&nbsp;<a href=\"https:\/\/excpyme.org.ar\/wp\/junta-2023\/\" rel=\"bookmark\">Leer m\u00e1s &raquo;<span class=\"screen-reader-text\">Junta evaluadora<\/span><\/a><\/p>\n","protected":false},"author":2,"featured_media":0,"parent":0,"menu_order":0,"comment_status":"closed","ping_status":"closed","template":"elementor_header_footer","meta":{"neve_meta_sidebar":"full-width","neve_meta_container":"","neve_meta_enable_content_width":"on","neve_meta_content_width":100,"neve_meta_title_alignment":"","neve_meta_author_avatar":"","neve_post_elements_order":"","neve_meta_disable_header":"","neve_meta_disable_footer":"","neve_meta_disable_title":"","footnotes":""},"class_list":["post-1421","page","type-page","status-publish","hentry"],"_links":{"self":[{"href":"https:\/\/excpyme.org.ar\/wp\/wp-json\/wp\/v2\/pages\/1421","targetHints":{"allow":["GET"]}}],"collection":[{"href":"https:\/\/excpyme.org.ar\/wp\/wp-json\/wp\/v2\/pages"}],"about":[{"href":"https:\/\/excpyme.org.ar\/wp\/wp-json\/wp\/v2\/types\/page"}],"author":[{"embeddable":true,"href":"https:\/\/excpyme.org.ar\/wp\/wp-json\/wp\/v2\/users\/2"}],"replies":[{"embeddable":true,"href":"https:\/\/excpyme.org.ar\/wp\/wp-json\/wp\/v2\/comments?post=1421"}],"version-history":[{"count":12,"href":"https:\/\/excpyme.org.ar\/wp\/wp-json\/wp\/v2\/pages\/1421\/revisions"}],"predecessor-version":[{"id":1503,"href":"https:\/\/excpyme.org.ar\/wp\/wp-json\/wp\/v2\/pages\/1421\/revisions\/1503"}],"wp:attachment":[{"href":"https:\/\/excpyme.org.ar\/wp\/wp-json\/wp\/v2\/media?parent=1421"}],"curies":[{"name":"wp","href":"https:\/\/api.w.org\/{rel}","templated":true}]}}